{"id":322,"date":"2026-01-18T04:57:54","date_gmt":"2026-01-18T04:57:54","guid":{"rendered":"https:\/\/systema-swiss-activities.ch\/mon-compte\/"},"modified":"2026-02-14T04:49:01","modified_gmt":"2026-02-14T04:49:01","slug":"mon-compte","status":"publish","type":"page","link":"https:\/\/systema-swiss-activities.ch\/it\/mon-compte\/","title":{"rendered":"Mon compte"},"content":{"rendered":"[et_pb_section fb_built=\u00a0\u00bb1&Prime; _builder_version=\u00a0\u00bb4.24.2&Prime; background_color=\u00a0\u00bbRGBA(255,255,255,0)\u00a0\u00bb global_colors_info=\u00a0\u00bb{}\u00a0\u00bb][et_pb_row _builder_version=\u00a0\u00bb4.24.2&Prime; background_color=\u00a0\u00bbRGBA(255,255,255,0)\u00a0\u00bb background_size=\u00a0\u00bbinitial\u00a0\u00bb background_position=\u00a0\u00bbtop_left\u00a0\u00bb background_repeat=\u00a0\u00bbrepeat\u00a0\u00bb width=\u00a0\u00bb60%\u00a0\u00bb width_tablet=\u00a0\u00bb60%\u00a0\u00bb width_phone=\u00a0\u00bb60%\u00a0\u00bb width_last_edited=\u00a0\u00bbon|phone\u00a0\u00bb custom_padding=\u00a0\u00bb20px|40px|20px|40px|true|true\u00a0\u00bb border_width_bottom=\u00a0\u00bb1px\u00a0\u00bb border_color_bottom=\u00a0\u00bb#FFFFFF\u00a0\u00bb global_colors_info=\u00a0\u00bb{}\u00a0\u00bb][et_pb_column type=\u00a0\u00bb4_4&Prime; _builder_version=\u00a0\u00bb4.16&Prime; custom_padding=\u00a0\u00bb|||\u00a0\u00bb global_colors_info=\u00a0\u00bb{}\u00a0\u00bb custom_padding__hover=\u00a0\u00bb|||\u00a0\u00bb][et_pb_text _builder_version=\u00a0\u00bb4.27.5&Prime; header_font=\u00a0\u00bb|300|||||||\u00a0\u00bb header_text_align=\u00a0\u00bbcenter\u00a0\u00bb header_text_color=\u00a0\u00bb#000000&Prime; header_3_font=\u00a0\u00bbComfortaa|600|||||||\u00a0\u00bb header_3_text_align=\u00a0\u00bbcenter\u00a0\u00bb header_3_text_color=\u00a0\u00bb#000000&Prime; header_3_font_size=\u00a0\u00bb30px\u00a0\u00bb background_size=\u00a0\u00bbinitial\u00a0\u00bb background_position=\u00a0\u00bbtop_left\u00a0\u00bb background_repeat=\u00a0\u00bbrepeat\u00a0\u00bb header_font_size_tablet=\u00a0\u00bb\u00a0\u00bb header_font_size_phone=\u00a0\u00bb20px\u00a0\u00bb header_font_size_last_edited=\u00a0\u00bbon|phone\u00a0\u00bb global_colors_info=\u00a0\u00bb{}\u00a0\u00bb]<h1>D\u00e9tail de votre compte sur notre site<\/h1>\n<p><!-- \/wp:post-content --><\/p>[\/et_pb_text][\/et_pb_column][\/et_pb_row][et_pb_row column_structure=\u00a0\u00bb1_6,1_6,1_6,1_6,1_6,1_6&Prime; _builder_version=\u00a0\u00bb4.24.2&Prime; _module_preset=\u00a0\u00bbdefault\u00a0\u00bb width=\u00a0\u00bb60%\u00a0\u00bb width_tablet=\u00a0\u00bb80%\u00a0\u00bb width_phone=\u00a0\u00bb96%\u00a0\u00bb width_last_edited=\u00a0\u00bbon|tablet\u00a0\u00bb module_alignment=\u00a0\u00bbcenter\u00a0\u00bb custom_padding=\u00a0\u00bb||0px||false|false\u00a0\u00bb global_colors_info=\u00a0\u00bb{}\u00a0\u00bb][et_pb_column type=\u00a0\u00bb1_6&Prime; _builder_version=\u00a0\u00bb4.17.6&Prime; _module_preset=\u00a0\u00bbdefault\u00a0\u00bb global_colors_info=\u00a0\u00bb{}\u00a0\u00bb][\/et_pb_column][et_pb_column type=\u00a0\u00bb1_6&Prime; _builder_version=\u00a0\u00bb4.17.6&Prime; _module_preset=\u00a0\u00bbdefault\u00a0\u00bb global_colors_info=\u00a0\u00bb{}\u00a0\u00bb][et_pb_blurb title=\u00a0\u00bbMes donn\u00e9es\u00a0\u00bb use_icon=\u00a0\u00bbon\u00a0\u00bb font_icon=\u00a0\u00bb&#xf007;||fa||400&Prime; icon_color=\u00a0\u00bb#000000&Prime; image_icon_background_color=\u00a0\u00bbRGBA(255,255,255,0)\u00a0\u00bb image_icon_width=\u00a0\u00bb30px\u00a0\u00bb _builder_version=\u00a0\u00bb4.27.5&Prime; _module_preset=\u00a0\u00bbdefault\u00a0\u00bb header_font=\u00a0\u00bb|300|||||||\u00a0\u00bb header_text_align=\u00a0\u00bbcenter\u00a0\u00bb header_text_color=\u00a0\u00bb#000000&Prime; header_font_size=\u00a0\u00bb15px\u00a0\u00bb header_line_height=\u00a0\u00bb0em\u00a0\u00bb body_text_color=\u00a0\u00bb#000000&Prime; link_option_url=\u00a0\u00bb\/mon-compte\/edit-account\/\u00a0\u00bb global_colors_info=\u00a0\u00bb{}\u00a0\u00bb][\/et_pb_blurb][\/et_pb_column][et_pb_column type=\u00a0\u00bb1_6&Prime; _builder_version=\u00a0\u00bb4.17.6&Prime; _module_preset=\u00a0\u00bbdefault\u00a0\u00bb global_colors_info=\u00a0\u00bb{}\u00a0\u00bb][et_pb_blurb title=\u00a0\u00bbMes adresses\u00a0\u00bb use_icon=\u00a0\u00bbon\u00a0\u00bb font_icon=\u00a0\u00bb&#xe074;||divi||400&Prime; icon_color=\u00a0\u00bb#000000&Prime; image_icon_width=\u00a0\u00bb30px\u00a0\u00bb _builder_version=\u00a0\u00bb4.27.5&Prime; _module_preset=\u00a0\u00bbdefault\u00a0\u00bb header_font=\u00a0\u00bb|300|||||||\u00a0\u00bb header_text_align=\u00a0\u00bbcenter\u00a0\u00bb header_text_color=\u00a0\u00bb#000000&Prime; header_font_size=\u00a0\u00bb15px\u00a0\u00bb header_line_height=\u00a0\u00bb0em\u00a0\u00bb link_option_url=\u00a0\u00bb\/mon-compte\/edit-address\/\u00a0\u00bb global_colors_info=\u00a0\u00bb{}\u00a0\u00bb][\/et_pb_blurb][\/et_pb_column][et_pb_column type=\u00a0\u00bb1_6&Prime; _builder_version=\u00a0\u00bb4.17.6&Prime; _module_preset=\u00a0\u00bbdefault\u00a0\u00bb global_colors_info=\u00a0\u00bb{}\u00a0\u00bb][et_pb_blurb title=\u00a0\u00bbMes inscriptions\u00a0\u00bb use_icon=\u00a0\u00bbon\u00a0\u00bb font_icon=\u00a0\u00bb&#xf233;||fa||900&Prime; icon_color=\u00a0\u00bb#000000&Prime; image_icon_width=\u00a0\u00bb30px\u00a0\u00bb image_icon_width_tablet=\u00a0\u00bb30px\u00a0\u00bb image_icon_width_phone=\u00a0\u00bb30px\u00a0\u00bb image_icon_width_last_edited=\u00a0\u00bbon|phone\u00a0\u00bb _builder_version=\u00a0\u00bb4.27.5&Prime; _module_preset=\u00a0\u00bbdefault\u00a0\u00bb header_font=\u00a0\u00bb|300|||||||\u00a0\u00bb header_text_align=\u00a0\u00bbcenter\u00a0\u00bb header_text_color=\u00a0\u00bb#000000&Prime; header_font_size=\u00a0\u00bb15px\u00a0\u00bb header_line_height=\u00a0\u00bb0em\u00a0\u00bb image_icon_custom_padding=\u00a0\u00bb||0px||false|false\u00a0\u00bb link_option_url=\u00a0\u00bb\/mon-compte\/event-bookings\/\u00a0\u00bb header_font_size_tablet=\u00a0\u00bb15px\u00a0\u00bb header_font_size_phone=\u00a0\u00bb15px\u00a0\u00bb header_font_size_last_edited=\u00a0\u00bbon|phone\u00a0\u00bb global_colors_info=\u00a0\u00bb{}\u00a0\u00bb][\/et_pb_blurb][\/et_pb_column][et_pb_column type=\u00a0\u00bb1_6&Prime; _builder_version=\u00a0\u00bb4.17.6&Prime; _module_preset=\u00a0\u00bbdefault\u00a0\u00bb global_colors_info=\u00a0\u00bb{}\u00a0\u00bb][et_pb_blurb title=\u00a0\u00bbMes moyens de paiement\u00a0\u00bb use_icon=\u00a0\u00bbon\u00a0\u00bb font_icon=\u00a0\u00bb&#xf1f0;||fa||400&Prime; icon_color=\u00a0\u00bb#000000&Prime; image_icon_width=\u00a0\u00bb30px\u00a0\u00bb _builder_version=\u00a0\u00bb4.27.5&Prime; _module_preset=\u00a0\u00bbdefault\u00a0\u00bb header_font=\u00a0\u00bb|300|||||||\u00a0\u00bb header_text_align=\u00a0\u00bbcenter\u00a0\u00bb header_text_color=\u00a0\u00bb#000000&Prime; header_font_size=\u00a0\u00bb15px\u00a0\u00bb link_option_url=\u00a0\u00bb\/mon-compte\/payment-methods\/\u00a0\u00bb global_colors_info=\u00a0\u00bb{}\u00a0\u00bb][\/et_pb_blurb][\/et_pb_column][et_pb_column type=\u00a0\u00bb1_6&Prime; _builder_version=\u00a0\u00bb4.17.6&Prime; _module_preset=\u00a0\u00bbdefault\u00a0\u00bb global_colors_info=\u00a0\u00bb{}\u00a0\u00bb][\/et_pb_column][\/et_pb_row][et_pb_row custom_padding_last_edited=\u00a0\u00bbon|phone\u00a0\u00bb _builder_version=\u00a0\u00bb4.27.5&Prime; background_color=\u00a0\u00bb#FFFFFF\u00a0\u00bb background_size=\u00a0\u00bbinitial\u00a0\u00bb background_position=\u00a0\u00bbtop_left\u00a0\u00bb background_repeat=\u00a0\u00bbrepeat\u00a0\u00bb width=\u00a0\u00bb60%\u00a0\u00bb width_tablet=\u00a0\u00bb80%\u00a0\u00bb width_phone=\u00a0\u00bb88%\u00a0\u00bb width_last_edited=\u00a0\u00bbon|phone\u00a0\u00bb max_width=\u00a0\u00bb2560px\u00a0\u00bb custom_margin_tablet=\u00a0\u00bb\u00a0\u00bb custom_margin_phone=\u00a0\u00bb||||false|false\u00a0\u00bb custom_margin_last_edited=\u00a0\u00bbon|phone\u00a0\u00bb custom_padding=\u00a0\u00bb70px|70px|70px|70px|true|true\u00a0\u00bb custom_padding_tablet=\u00a0\u00bb70px|70px|70px|70px|true|true\u00a0\u00bb custom_padding_phone=\u00a0\u00bb40px|40px|40px|40px|true|true\u00a0\u00bb hover_enabled=\u00a0\u00bb0&Prime; border_width_all=\u00a0\u00bb1px\u00a0\u00bb border_width_top=\u00a0\u00bb20px\u00a0\u00bb border_color_top=\u00a0\u00bb#000000&Prime; border_width_bottom=\u00a0\u00bb20px\u00a0\u00bb border_color_bottom=\u00a0\u00bb#000000&Prime; box_shadow_style=\u00a0\u00bbpreset2&Prime; global_colors_info=\u00a0\u00bb{}\u00a0\u00bb sticky_enabled=\u00a0\u00bb0&Prime;][et_pb_column type=\u00a0\u00bb4_4&Prime; _builder_version=\u00a0\u00bb4.16&Prime; custom_padding=\u00a0\u00bb|||\u00a0\u00bb global_colors_info=\u00a0\u00bb{}\u00a0\u00bb custom_padding__hover=\u00a0\u00bb|||\u00a0\u00bb][et_pb_text _builder_version=\u00a0\u00bb4.27.5&Prime; text_font=\u00a0\u00bb|300|||||||\u00a0\u00bb text_text_color=\u00a0\u00bb#000000&Prime; text_font_size=\u00a0\u00bb17px\u00a0\u00bb text_line_height=\u00a0\u00bb1.5em\u00a0\u00bb link_text_color=\u00a0\u00bb#000000&Prime; header_3_font=\u00a0\u00bbComfortaa|600|||||||\u00a0\u00bb header_3_font_size=\u00a0\u00bb30px\u00a0\u00bb background_color=\u00a0\u00bbRGBA(255,255,255,0)\u00a0\u00bb background_size=\u00a0\u00bbinitial\u00a0\u00bb background_position=\u00a0\u00bbtop_left\u00a0\u00bb background_repeat=\u00a0\u00bbrepeat\u00a0\u00bb global_colors_info=\u00a0\u00bb{}\u00a0\u00bb]<p><!-- wp:shortcode --><div class=\"woocommerce\"><\/div><\/p>\n<p><!-- \/wp:shortcode --><\/p>[\/et_pb_text][\/et_pb_column][\/et_pb_row][\/et_pb_section]","protected":false},"excerpt":{"rendered":"<p>Dettagli del tuo account sul nostro sito web <div class=\"woocommerce\"><\/div><\/p>","protected":false},"author":1,"featured_media":0,"parent":0,"menu_order":0,"comment_status":"closed","ping_status":"closed","template":"","meta":{"_et_pb_use_builder":"on","_et_pb_old_content":"<!-- wp:shortcode -->[woocommerce_my_account]<!-- \/wp:shortcode -->","_et_gb_content_width":"","footnotes":""},"class_list":["post-322","page","type-page","status-publish","hentry"],"yoast_head":"<!-- This site is optimized with the Yoast SEO plugin v27.3 - https:\/\/yoast.com\/product\/yoast-seo-wordpress\/ -->\n<title>Systema Suisse romande | Stages &amp; cours de aystema<\/title>\n<meta name=\"description\" content=\"D\u00e9couvrez le Systema en Suisse romande : stages, cours r\u00e9guliers et formations accessibles \u00e0 tous. Respiration, mouvement et ma\u00eetrise. Coach Yannick Mengis, instructeur certifi\u00e9.\" \/>\n<meta name=\"robots\" content=\"index, follow, max-snippet:-1, max-image-preview:large, max-video-preview:-1\" \/>\n<link rel=\"canonical\" href=\"https:\/\/systema-swiss-activities.ch\/it\/mon-compte\/\" \/>\n<meta property=\"og:locale\" content=\"it_IT\" \/>\n<meta property=\"og:type\" content=\"article\" \/>\n<meta property=\"og:title\" content=\"Systema Suisse romande | Stages &amp; cours de aystema\" \/>\n<meta property=\"og:description\" content=\"D\u00e9couvrez le Systema en Suisse romande : stages, cours r\u00e9guliers et formations accessibles \u00e0 tous. Respiration, mouvement et ma\u00eetrise. Coach Yannick Mengis, instructeur certifi\u00e9.\" \/>\n<meta property=\"og:url\" content=\"https:\/\/systema-swiss-activities.ch\/it\/mon-compte\/\" \/>\n<meta property=\"og:site_name\" content=\"Systema Swiss Activities\" \/>\n<meta property=\"article:modified_time\" content=\"2026-02-14T04:49:01+00:00\" \/>\n<script type=\"application\/ld+json\" class=\"yoast-schema-graph\">{\"@context\":\"https:\\\/\\\/schema.org\",\"@graph\":[{\"@type\":\"WebPage\",\"@id\":\"https:\\\/\\\/systema-swiss-activities.ch\\\/mon-compte\\\/\",\"url\":\"https:\\\/\\\/systema-swiss-activities.ch\\\/mon-compte\\\/\",\"name\":\"Systema Suisse romande | Stages & cours de aystema\",\"isPartOf\":{\"@id\":\"https:\\\/\\\/systema-swiss-activities.ch\\\/#website\"},\"datePublished\":\"2026-01-18T04:57:54+00:00\",\"dateModified\":\"2026-02-14T04:49:01+00:00\",\"description\":\"D\u00e9couvrez le Systema en Suisse romande : stages, cours r\u00e9guliers et formations accessibles \u00e0 tous. Respiration, mouvement et ma\u00eetrise. Coach Yannick Mengis, instructeur certifi\u00e9.\",\"breadcrumb\":{\"@id\":\"https:\\\/\\\/systema-swiss-activities.ch\\\/mon-compte\\\/#breadcrumb\"},\"inLanguage\":\"it-IT\",\"potentialAction\":[{\"@type\":\"ReadAction\",\"target\":[\"https:\\\/\\\/systema-swiss-activities.ch\\\/mon-compte\\\/\"]}]},{\"@type\":\"BreadcrumbList\",\"@id\":\"https:\\\/\\\/systema-swiss-activities.ch\\\/mon-compte\\\/#breadcrumb\",\"itemListElement\":[{\"@type\":\"ListItem\",\"position\":1,\"name\":\"Accueil\",\"item\":\"https:\\\/\\\/systema-swiss-activities.ch\\\/\"},{\"@type\":\"ListItem\",\"position\":2,\"name\":\"Mon compte\"}]},{\"@type\":\"WebSite\",\"@id\":\"https:\\\/\\\/systema-swiss-activities.ch\\\/#website\",\"url\":\"https:\\\/\\\/systema-swiss-activities.ch\\\/\",\"name\":\"Systema Swiss Activities\",\"description\":\"SSA\",\"publisher\":{\"@id\":\"https:\\\/\\\/systema-swiss-activities.ch\\\/#organization\"},\"potentialAction\":[{\"@type\":\"SearchAction\",\"target\":{\"@type\":\"EntryPoint\",\"urlTemplate\":\"https:\\\/\\\/systema-swiss-activities.ch\\\/?s={search_term_string}\"},\"query-input\":{\"@type\":\"PropertyValueSpecification\",\"valueRequired\":true,\"valueName\":\"search_term_string\"}}],\"inLanguage\":\"it-IT\"},{\"@type\":\"Organization\",\"@id\":\"https:\\\/\\\/systema-swiss-activities.ch\\\/#organization\",\"name\":\"Systema Swiss Activities\",\"url\":\"https:\\\/\\\/systema-swiss-activities.ch\\\/\",\"logo\":{\"@type\":\"ImageObject\",\"inLanguage\":\"it-IT\",\"@id\":\"https:\\\/\\\/systema-swiss-activities.ch\\\/#\\\/schema\\\/logo\\\/image\\\/\",\"url\":\"https:\\\/\\\/systema-swiss-activities.ch\\\/wp-content\\\/uploads\\\/2026\\\/01\\\/lg-black.png\",\"contentUrl\":\"https:\\\/\\\/systema-swiss-activities.ch\\\/wp-content\\\/uploads\\\/2026\\\/01\\\/lg-black.png\",\"width\":167,\"height\":187,\"caption\":\"Systema Swiss Activities\"},\"image\":{\"@id\":\"https:\\\/\\\/systema-swiss-activities.ch\\\/#\\\/schema\\\/logo\\\/image\\\/\"}}]}<\/script>\n<!-- \/ Yoast SEO plugin. -->","yoast_head_json":{"title":"Systema Suisse romande | Stages & cours de aystema","description":"D\u00e9couvrez le Systema en Suisse romande : stages, cours r\u00e9guliers et formations accessibles \u00e0 tous. Respiration, mouvement et ma\u00eetrise. Coach Yannick Mengis, instructeur certifi\u00e9.","robots":{"index":"index","follow":"follow","max-snippet":"max-snippet:-1","max-image-preview":"max-image-preview:large","max-video-preview":"max-video-preview:-1"},"canonical":"https:\/\/systema-swiss-activities.ch\/it\/mon-compte\/","og_locale":"it_IT","og_type":"article","og_title":"Systema Suisse romande | Stages & cours de aystema","og_description":"D\u00e9couvrez le Systema en Suisse romande : stages, cours r\u00e9guliers et formations accessibles \u00e0 tous. Respiration, mouvement et ma\u00eetrise. Coach Yannick Mengis, instructeur certifi\u00e9.","og_url":"https:\/\/systema-swiss-activities.ch\/it\/mon-compte\/","og_site_name":"Systema Swiss Activities","article_modified_time":"2026-02-14T04:49:01+00:00","schema":{"@context":"https:\/\/schema.org","@graph":[{"@type":"WebPage","@id":"https:\/\/systema-swiss-activities.ch\/mon-compte\/","url":"https:\/\/systema-swiss-activities.ch\/mon-compte\/","name":"Systema Suisse romande | Stages & cours de aystema","isPartOf":{"@id":"https:\/\/systema-swiss-activities.ch\/#website"},"datePublished":"2026-01-18T04:57:54+00:00","dateModified":"2026-02-14T04:49:01+00:00","description":"D\u00e9couvrez le Systema en Suisse romande : stages, cours r\u00e9guliers et formations accessibles \u00e0 tous. Respiration, mouvement et ma\u00eetrise. Coach Yannick Mengis, instructeur certifi\u00e9.","breadcrumb":{"@id":"https:\/\/systema-swiss-activities.ch\/mon-compte\/#breadcrumb"},"inLanguage":"it-IT","potentialAction":[{"@type":"ReadAction","target":["https:\/\/systema-swiss-activities.ch\/mon-compte\/"]}]},{"@type":"BreadcrumbList","@id":"https:\/\/systema-swiss-activities.ch\/mon-compte\/#breadcrumb","itemListElement":[{"@type":"ListItem","position":1,"name":"Accueil","item":"https:\/\/systema-swiss-activities.ch\/"},{"@type":"ListItem","position":2,"name":"Mon compte"}]},{"@type":"WebSite","@id":"https:\/\/systema-swiss-activities.ch\/#website","url":"https:\/\/systema-swiss-activities.ch\/","name":"Attivit\u00e0 di Systema Swiss","description":"SSA","publisher":{"@id":"https:\/\/systema-swiss-activities.ch\/#organization"},"potentialAction":[{"@type":"SearchAction","target":{"@type":"EntryPoint","urlTemplate":"https:\/\/systema-swiss-activities.ch\/?s={search_term_string}"},"query-input":{"@type":"PropertyValueSpecification","valueRequired":true,"valueName":"search_term_string"}}],"inLanguage":"it-IT"},{"@type":"Organization","@id":"https:\/\/systema-swiss-activities.ch\/#organization","name":"Attivit\u00e0 di Systema Swiss","url":"https:\/\/systema-swiss-activities.ch\/","logo":{"@type":"ImageObject","inLanguage":"it-IT","@id":"https:\/\/systema-swiss-activities.ch\/#\/schema\/logo\/image\/","url":"https:\/\/systema-swiss-activities.ch\/wp-content\/uploads\/2026\/01\/lg-black.png","contentUrl":"https:\/\/systema-swiss-activities.ch\/wp-content\/uploads\/2026\/01\/lg-black.png","width":167,"height":187,"caption":"Systema Swiss Activities"},"image":{"@id":"https:\/\/systema-swiss-activities.ch\/#\/schema\/logo\/image\/"}}]}},"_links":{"self":[{"href":"https:\/\/systema-swiss-activities.ch\/it\/wp-json\/wp\/v2\/pages\/322","targetHints":{"allow":["GET"]}}],"collection":[{"href":"https:\/\/systema-swiss-activities.ch\/it\/wp-json\/wp\/v2\/pages"}],"about":[{"href":"https:\/\/systema-swiss-activities.ch\/it\/wp-json\/wp\/v2\/types\/page"}],"author":[{"embeddable":true,"href":"https:\/\/systema-swiss-activities.ch\/it\/wp-json\/wp\/v2\/users\/1"}],"replies":[{"embeddable":true,"href":"https:\/\/systema-swiss-activities.ch\/it\/wp-json\/wp\/v2\/comments?post=322"}],"version-history":[{"count":6,"href":"https:\/\/systema-swiss-activities.ch\/it\/wp-json\/wp\/v2\/pages\/322\/revisions"}],"predecessor-version":[{"id":539,"href":"https:\/\/systema-swiss-activities.ch\/it\/wp-json\/wp\/v2\/pages\/322\/revisions\/539"}],"wp:attachment":[{"href":"https:\/\/systema-swiss-activities.ch\/it\/wp-json\/wp\/v2\/media?parent=322"}],"curies":[{"name":"wp","href":"https:\/\/api.w.org\/{rel}","templated":true}]}}